{"id":870,"date":"2024-08-02T17:02:40","date_gmt":"2024-08-02T15:02:40","guid":{"rendered":"https:\/\/evolutinteriordesign.com\/blog\/"},"modified":"2024-10-14T12:12:39","modified_gmt":"2024-10-14T10:12:39","slug":"blog","status":"publish","type":"page","link":"https:\/\/evolutinteriordesign.com\/ca\/blog\/","title":{"rendered":"Blog"},"content":{"rendered":"<p>[et_pb_section fb_built=&#8221;1&#8243; custom_padding_last_edited=&#8221;on|phone&#8221; module_class=&#8221;empresa-header&#8221; _builder_version=&#8221;4.27.0&#8243; _module_preset=&#8221;default&#8221; background_image=&#8221;https:\/\/evolutinteriordesign.com\/wp-content\/uploads\/2024\/08\/header-blog-evolut.webp&#8221; background_size=&#8221;initial&#8221; custom_margin=&#8221;||||false|false&#8221; custom_padding=&#8221;15em||8em||false|false&#8221; custom_padding_tablet=&#8221;10em||7em||false|false&#8221; custom_padding_phone=&#8221;||5em||false|false&#8221; locked=&#8221;off&#8221; global_colors_info=&#8221;{}&#8221;][et_pb_row _builder_version=&#8221;4.27.0&#8243; _module_preset=&#8221;default&#8221; global_colors_info=&#8221;{}&#8221;][et_pb_column type=&#8221;4_4&#8243; _builder_version=&#8221;4.27.0&#8243; _module_preset=&#8221;default&#8221; global_colors_info=&#8221;{}&#8221;][et_pb_text _builder_version=&#8221;4.27.0&#8243; _module_preset=&#8221;default&#8221; header_2_font=&#8221;||||||||&#8221; header_2_text_align=&#8221;left&#8221; header_2_text_color=&#8221;#FFFFFF&#8221; header_2_font_size=&#8221;45px&#8221; header_2_line_height=&#8221;1.2em&#8221; header_3_font=&#8221;Antonio|||on|||||&#8221; header_3_text_align=&#8221;left&#8221; header_3_text_color=&#8221;gcid-primary-color&#8221; header_3_font_size=&#8221;25px&#8221; header_3_letter_spacing=&#8221;2px&#8221; custom_margin=&#8221;0px||0px||false|false&#8221; custom_padding=&#8221;0px||0px||false|false&#8221; header_3_text_align_tablet=&#8221;center&#8221; header_3_text_align_phone=&#8221;center&#8221; header_3_text_align_last_edited=&#8221;on|tablet&#8221; locked=&#8221;off&#8221; global_colors_info=&#8221;{%22gcid-primary-color%22:%91%22header_3_text_color%22,%22header_2_text_color%22,%22header_3_text_color%22%93}&#8221;]<\/p>\n<h3>Blog<\/h3>\n<p>[\/et_pb_text][et_pb_text _builder_version=&#8221;4.27.0&#8243; _module_preset=&#8221;default&#8221; header_font=&#8221;&#8211;et_global_heading_font||||||||&#8221; header_text_align=&#8221;left&#8221; header_text_color=&#8221;#FFFFFF&#8221; header_font_size=&#8221;70px&#8221; header_2_font=&#8221;||||||||&#8221; header_2_text_align=&#8221;left&#8221; header_2_text_color=&#8221;#FFFFFF&#8221; header_2_font_size=&#8221;45px&#8221; header_2_line_height=&#8221;1.2em&#8221; header_3_font=&#8221;Antonio|||on|||||&#8221; header_3_text_align=&#8221;left&#8221; header_3_text_color=&#8221;gcid-primary-color&#8221; header_3_font_size=&#8221;25px&#8221; header_3_letter_spacing=&#8221;2px&#8221; custom_margin=&#8221;1em||1em||false|false&#8221; custom_padding=&#8221;0px||0px||false|false&#8221; header_text_align_tablet=&#8221;center&#8221; header_text_align_phone=&#8221;center&#8221; header_text_align_last_edited=&#8221;on|desktop&#8221; header_font_size_tablet=&#8221;50px&#8221; header_font_size_phone=&#8221;40px&#8221; header_font_size_last_edited=&#8221;on|desktop&#8221; header_2_text_align_tablet=&#8221;center&#8221; header_2_text_align_phone=&#8221;center&#8221; header_2_text_align_last_edited=&#8221;on|tablet&#8221; header_2_font_size_tablet=&#8221;40px&#8221; header_2_font_size_phone=&#8221;35px&#8221; header_2_font_size_last_edited=&#8221;on|phone&#8221; text_orientation_tablet=&#8221;center&#8221; text_orientation_phone=&#8221;center&#8221; text_orientation_last_edited=&#8221;on|tablet&#8221; locked=&#8221;off&#8221; global_colors_info=&#8221;{%22gcid-primary-color%22:%91%22header_3_text_color%22%93}&#8221;]<\/p>\n<h1>\u00daltimes not\u00edcies del sector<\/h1>\n<p>[\/et_pb_text][\/et_pb_column][\/et_pb_row][\/et_pb_section][et_pb_section fb_built=&#8221;1&#8243; _builder_version=&#8221;4.27.0&#8243; _module_preset=&#8221;default&#8221; background_color=&#8221;gcid-027915c6-e56f-45dd-8ba1-9d43493aaed2&#8243; global_colors_info=&#8221;{%22gcid-027915c6-e56f-45dd-8ba1-9d43493aaed2%22:%91%22background_color%22%93}&#8221;][et_pb_row module_class=&#8221;blog-main-article&#8221; _builder_version=&#8221;4.27.0&#8243; _module_preset=&#8221;default&#8221; width=&#8221;90%&#8221; custom_margin=&#8221;||0px||false|false&#8221; custom_padding=&#8221;||0px||false|false&#8221; global_colors_info=&#8221;{}&#8221; custom_css_main_element_last_edited=&#8221;on|tablet&#8221; custom_css_main_element_tablet=&#8221;display: flex!important;||flex-direction: column;||justify-content: center;||align-items: center;&#8221; custom_css_main_element_phone=&#8221;display: flex!important;||flex-direction: column;||justify-content: center;||align-items: center;&#8221;][et_pb_column type=&#8221;4_4&#8243; _builder_version=&#8221;4.27.0&#8243; _module_preset=&#8221;default&#8221; global_colors_info=&#8221;{}&#8221;][et_pb_blog posts_number=&#8221;1&#8243; show_more=&#8221;on&#8221; show_author=&#8221;off&#8221; show_date=&#8221;off&#8221; show_pagination=&#8221;off&#8221; offset_number=&#8221;3&#8243; module_class=&#8221;blog-main-post&#8221; _builder_version=&#8221;4.27.0&#8243; _module_preset=&#8221;default&#8221; header_text_align=&#8221;left&#8221; header_text_color=&#8221;#FFFFFF&#8221; header_font_size=&#8221;45px&#8221; header_line_height=&#8221;1.2em&#8221; body_text_align=&#8221;left&#8221; body_text_color=&#8221;#FFFFFF&#8221; body_line_height=&#8221;2em&#8221; meta_font=&#8221;Antonio|300||on|||||&#8221; meta_text_align=&#8221;left&#8221; meta_text_color=&#8221;gcid-primary-color&#8221; meta_font_size=&#8221;22px&#8221; meta_letter_spacing=&#8221;2px&#8221; read_more_font=&#8221;Antonio|300||on|||||&#8221; read_more_text_color=&#8221;#FFFFFF&#8221; read_more_font_size=&#8221;20px&#8221; header_text_align_tablet=&#8221;center&#8221; header_text_align_phone=&#8221;center&#8221; header_text_align_last_edited=&#8221;on|tablet&#8221; header_font_size_tablet=&#8221;40px&#8221; header_font_size_phone=&#8221;30px&#8221; header_font_size_last_edited=&#8221;on|tablet&#8221; body_text_align_tablet=&#8221;center&#8221; body_text_align_phone=&#8221;center&#8221; body_text_align_last_edited=&#8221;on|tablet&#8221; meta_text_align_tablet=&#8221;center&#8221; meta_text_align_phone=&#8221;center&#8221; meta_text_align_last_edited=&#8221;on|tablet&#8221; meta_font_size_tablet=&#8221;20px&#8221; meta_font_size_phone=&#8221;18px&#8221; meta_font_size_last_edited=&#8221;on|phone&#8221; custom_css_title=&#8221;order: 2;&#8221; custom_css_content=&#8221;display: flex;||flex-direction: column;&#8221; custom_css_post_meta=&#8221;order: 1;&#8221; custom_css_read_more=&#8221;order: 3;||border: 1px solid white;||padding: 0.5em 2em;||text-align: center;||margin-top: 1em;&#8221; global_colors_info=&#8221;{%22gcid-primary-color%22:%91%22meta_text_color%22%93}&#8221; custom_css_featured_image_last_edited=&#8221;on|tablet&#8221; custom_css_featured_image_tablet=&#8221;width: 90%;||display: flex!important;||justify-content: center!important;&#8221; custom_css_content_last_edited=&#8221;on|tablet&#8221; custom_css_content_tablet=&#8221;display: flex;||flex-direction: column;||align-items: center!important;&#8221; custom_css_featured_image_phone=&#8221;width: 90%;||display: flex!important;||justify-content: center!important;&#8221; custom_css_content_phone=&#8221;display: flex;||flex-direction: column;||align-items: center!important;&#8221;][\/et_pb_blog][\/et_pb_column][\/et_pb_row][et_pb_row _builder_version=&#8221;4.27.0&#8243; _module_preset=&#8221;default&#8221; width=&#8221;90%&#8221; global_module=&#8221;475&#8243; saved_tabs=&#8221;all&#8221; global_colors_info=&#8221;{}&#8221;][et_pb_column type=&#8221;4_4&#8243; _builder_version=&#8221;4.27.0&#8243; _module_preset=&#8221;default&#8221; global_colors_info=&#8221;{}&#8221;][et_pb_blog include_categories=&#8221;all&#8221; use_manual_excerpt=&#8221;off&#8221; show_more=&#8221;on&#8221; show_author=&#8221;off&#8221; show_date=&#8221;off&#8221; show_excerpt=&#8221;off&#8221; show_pagination=&#8221;off&#8221; module_class=&#8221;blog-articles&#8221; _builder_version=&#8221;4.27.0&#8243; _module_preset=&#8221;default&#8221; header_font=&#8221;&#8211;et_global_heading_font||||||||&#8221; header_text_align=&#8221;left&#8221; header_text_color=&#8221;#FFFFFF&#8221; header_font_size=&#8221;18px&#8221; meta_font=&#8221;Antonio|300||on|||||&#8221; meta_text_align=&#8221;left&#8221; meta_text_color=&#8221;gcid-primary-color&#8221; meta_font_size=&#8221;16px&#8221; meta_letter_spacing=&#8221;2px&#8221; read_more_font=&#8221;Antonio|300||on|||||&#8221; read_more_text_color=&#8221;#FFFFFF&#8221; read_more_font_size=&#8221;20px&#8221; read_more_letter_spacing=&#8221;2px&#8221; header_text_align_tablet=&#8221;center&#8221; header_text_align_phone=&#8221;center&#8221; header_text_align_last_edited=&#8221;on|desktop&#8221; meta_text_align_tablet=&#8221;center&#8221; meta_text_align_phone=&#8221;center&#8221; meta_text_align_last_edited=&#8221;on|desktop&#8221; custom_css_main_element=&#8221;display: flex;||flex-direction: column;&#8221; custom_css_title=&#8221;order: 2;&#8221; custom_css_content=&#8221;order: 3;&#8221; custom_css_post_meta=&#8221;order: 1;&#8221; custom_css_read_more=&#8221;border: 1px solid white;||padding: 0.5em 2em;||text-align: center;&#8221; global_colors_info=&#8221;{%22gcid-primary-color%22:%91%22meta_text_color%22%93}&#8221; read_more_text_color__hover_enabled=&#8221;on|hover&#8221; read_more_text_color__hover=&#8221;#FFFFFF&#8221;][\/et_pb_blog][et_pb_code _builder_version=&#8221;4.27.0&#8243; _module_preset=&#8221;default&#8221; global_colors_info=&#8221;{}&#8221;]<script> document.addEventListener('DOMContentLoaded', function() {<!-- [et_pb_line_break_holder] -->    \/\/ Selecciona todos los .entry-title<!-- [et_pb_line_break_holder] -->    var entryTitles = document.querySelectorAll('.entry-title');<!-- [et_pb_line_break_holder] --><!-- [et_pb_line_break_holder] -->    entryTitles.forEach(function(entryTitle) {<!-- [et_pb_line_break_holder] -->        \/\/ Encuentra el siguiente elemento .post-meta<!-- [et_pb_line_break_holder] -->        var postMeta = entryTitle.nextElementSibling;<!-- [et_pb_line_break_holder] --><!-- [et_pb_line_break_holder] -->        if (postMeta && postMeta.classList.contains('post-meta')) {<!-- [et_pb_line_break_holder] -->            \/\/ Crea el nuevo div .info-post<!-- [et_pb_line_break_holder] -->            var infoPostDiv = document.createElement('div');<!-- [et_pb_line_break_holder] -->            infoPostDiv.className = 'info-post';<!-- [et_pb_line_break_holder] --><!-- [et_pb_line_break_holder] -->            \/\/ Mueve .entry-title y .post-meta al nuevo div<!-- [et_pb_line_break_holder] -->            entryTitle.parentNode.insertBefore(infoPostDiv, entryTitle);<!-- [et_pb_line_break_holder] -->            infoPostDiv.appendChild(entryTitle);<!-- [et_pb_line_break_holder] -->            infoPostDiv.appendChild(postMeta);<!-- [et_pb_line_break_holder] -->        }<!-- [et_pb_line_break_holder] -->    });<!-- [et_pb_line_break_holder] -->});<!-- [et_pb_line_break_holder] --><\/script>[\/et_pb_code][et_pb_button button_text=&#8221;Carregar m\u00e9s posts&#8221; button_alignment=&#8221;center&#8221; module_class=&#8221;load-more-posts&#8221; _builder_version=&#8221;4.27.0&#8243; _module_preset=&#8221;default&#8221; custom_button=&#8221;on&#8221; button_text_color=&#8221;#FFFFFF&#8221; button_bg_color=&#8221;RGBA(255,255,255,0)&#8221; button_border_width=&#8221;1px&#8221; button_border_color=&#8221;#FFFFFF&#8221; button_border_radius=&#8221;0px&#8221; button_letter_spacing=&#8221;2px&#8221; button_font=&#8221;Antonio|300||on|||||&#8221; button_use_icon=&#8221;off&#8221; button_text_color_tablet=&#8221;&#8221; button_text_color_phone=&#8221;&#8221; button_text_color_last_edited=&#8221;on|desktop&#8221; global_colors_info=&#8221;{}&#8221; button_border_width__hover_enabled=&#8221;on|hover&#8221; button_border_width__hover=&#8221;1px&#8221; button_bg_color__hover_enabled=&#8221;on|desktop&#8221; button_bg_color__hover=&#8221;#FFFFFF&#8221; button_bg_enable_color__hover=&#8221;on&#8221; button_text_color__hover_enabled=&#8221;on|hover&#8221; button_text_color__hover=&#8221;#000000&#8243;][\/et_pb_button][\/et_pb_column][\/et_pb_row][\/et_pb_section]<\/p>\n","protected":false},"excerpt":{"rendered":"<p>Blog\u00daltimes not\u00edcies del sector<\/p>\n","protected":false},"author":1,"featured_media":0,"parent":0,"menu_order":0,"comment_status":"closed","ping_status":"closed","template":"","meta":{"_acf_changed":false,"_et_pb_use_builder":"on","_et_pb_old_content":"","_et_gb_content_width":"","inline_featured_image":false,"footnotes":""},"class_list":["post-870","page","type-page","status-publish","hentry"],"acf":[],"yoast_head":"<!-- This site is optimized with the Yoast SEO plugin v23.9 - https:\/\/yoast.com\/wordpress\/plugins\/seo\/ -->\n<title>Evolut Interior Design | \u00daltimes not\u00edcies del sector<\/title>\n<meta name=\"description\" content=\"Blog amb not\u00edcies, consells i projectes destacats sobre construcci\u00f3, reformes i disseny per inspirar i guiar els nostres clients.\" \/>\n<meta name=\"robots\" content=\"index, follow, max-snippet:-1, max-image-preview:large, max-video-preview:-1\" \/>\n<link rel=\"canonical\" href=\"https:\/\/evolutinteriordesign.com\/ca\/blog\/\" \/>\n<meta property=\"og:locale\" content=\"ca_ES\" \/>\n<meta property=\"og:type\" content=\"article\" \/>\n<meta property=\"og:title\" content=\"Evolut Interior Design | \u00daltimes not\u00edcies del sector\" \/>\n<meta property=\"og:description\" content=\"Blog amb not\u00edcies, consells i projectes destacats sobre construcci\u00f3, reformes i disseny per inspirar i guiar els nostres clients.\" \/>\n<meta property=\"og:url\" content=\"https:\/\/evolutinteriordesign.com\/ca\/blog\/\" \/>\n<meta property=\"og:site_name\" content=\"Evolut Interior Design\" \/>\n<meta property=\"article:modified_time\" content=\"2024-10-14T10:12:39+00:00\" \/>\n<meta name=\"twitter:card\" content=\"summary_large_image\" \/>\n<meta name=\"twitter:label1\" content=\"Temps estimat de lectura\" \/>\n\t<meta name=\"twitter:data1\" content=\"6 minuts\" \/>\n<script type=\"application\/ld+json\" class=\"yoast-schema-graph\">{\"@context\":\"https:\/\/schema.org\",\"@graph\":[{\"@type\":\"WebPage\",\"@id\":\"https:\/\/evolutinteriordesign.com\/ca\/blog\/\",\"url\":\"https:\/\/evolutinteriordesign.com\/ca\/blog\/\",\"name\":\"Evolut Interior Design | \u00daltimes not\u00edcies del sector\",\"isPartOf\":{\"@id\":\"http:\/\/evolutinteriordesign.com\/#website\"},\"datePublished\":\"2024-08-02T15:02:40+00:00\",\"dateModified\":\"2024-10-14T10:12:39+00:00\",\"description\":\"Blog amb not\u00edcies, consells i projectes destacats sobre construcci\u00f3, reformes i disseny per inspirar i guiar els nostres clients.\",\"breadcrumb\":{\"@id\":\"https:\/\/evolutinteriordesign.com\/ca\/blog\/#breadcrumb\"},\"inLanguage\":\"ca\",\"potentialAction\":[{\"@type\":\"ReadAction\",\"target\":[\"https:\/\/evolutinteriordesign.com\/ca\/blog\/\"]}]},{\"@type\":\"BreadcrumbList\",\"@id\":\"https:\/\/evolutinteriordesign.com\/ca\/blog\/#breadcrumb\",\"itemListElement\":[{\"@type\":\"ListItem\",\"position\":1,\"name\":\"Portada\",\"item\":\"https:\/\/evolutinteriordesign.com\/ca\/\"},{\"@type\":\"ListItem\",\"position\":2,\"name\":\"Blog\"}]},{\"@type\":\"WebSite\",\"@id\":\"http:\/\/evolutinteriordesign.com\/#website\",\"url\":\"http:\/\/evolutinteriordesign.com\/\",\"name\":\"Evolut Interior Design\",\"description\":\"\",\"publisher\":{\"@id\":\"http:\/\/evolutinteriordesign.com\/#organization\"},\"potentialAction\":[{\"@type\":\"SearchAction\",\"target\":{\"@type\":\"EntryPoint\",\"urlTemplate\":\"http:\/\/evolutinteriordesign.com\/?s={search_term_string}\"},\"query-input\":{\"@type\":\"PropertyValueSpecification\",\"valueRequired\":true,\"valueName\":\"search_term_string\"}}],\"inLanguage\":\"ca\"},{\"@type\":\"Organization\",\"@id\":\"http:\/\/evolutinteriordesign.com\/#organization\",\"name\":\"Evolut Interior Design\",\"url\":\"http:\/\/evolutinteriordesign.com\/\",\"logo\":{\"@type\":\"ImageObject\",\"inLanguage\":\"ca\",\"@id\":\"http:\/\/evolutinteriordesign.com\/#\/schema\/logo\/image\/\",\"url\":\"http:\/\/evolutinteriordesign.com\/wp-content\/uploads\/2024\/08\/logo-evolut-blanco.svg\",\"contentUrl\":\"http:\/\/evolutinteriordesign.com\/wp-content\/uploads\/2024\/08\/logo-evolut-blanco.svg\",\"width\":\"1024\",\"height\":\"1024\",\"caption\":\"Evolut Interior Design\"},\"image\":{\"@id\":\"http:\/\/evolutinteriordesign.com\/#\/schema\/logo\/image\/\"}}]}<\/script>\n<!-- \/ Yoast SEO plugin. -->","yoast_head_json":{"title":"Evolut Interior Design | \u00daltimes not\u00edcies del sector","description":"Blog amb not\u00edcies, consells i projectes destacats sobre construcci\u00f3, reformes i disseny per inspirar i guiar els nostres clients.","robots":{"index":"index","follow":"follow","max-snippet":"max-snippet:-1","max-image-preview":"max-image-preview:large","max-video-preview":"max-video-preview:-1"},"canonical":"https:\/\/evolutinteriordesign.com\/ca\/blog\/","og_locale":"ca_ES","og_type":"article","og_title":"Evolut Interior Design | \u00daltimes not\u00edcies del sector","og_description":"Blog amb not\u00edcies, consells i projectes destacats sobre construcci\u00f3, reformes i disseny per inspirar i guiar els nostres clients.","og_url":"https:\/\/evolutinteriordesign.com\/ca\/blog\/","og_site_name":"Evolut Interior Design","article_modified_time":"2024-10-14T10:12:39+00:00","twitter_card":"summary_large_image","twitter_misc":{"Temps estimat de lectura":"6 minuts"},"schema":{"@context":"https:\/\/schema.org","@graph":[{"@type":"WebPage","@id":"https:\/\/evolutinteriordesign.com\/ca\/blog\/","url":"https:\/\/evolutinteriordesign.com\/ca\/blog\/","name":"Evolut Interior Design | \u00daltimes not\u00edcies del sector","isPartOf":{"@id":"http:\/\/evolutinteriordesign.com\/#website"},"datePublished":"2024-08-02T15:02:40+00:00","dateModified":"2024-10-14T10:12:39+00:00","description":"Blog amb not\u00edcies, consells i projectes destacats sobre construcci\u00f3, reformes i disseny per inspirar i guiar els nostres clients.","breadcrumb":{"@id":"https:\/\/evolutinteriordesign.com\/ca\/blog\/#breadcrumb"},"inLanguage":"ca","potentialAction":[{"@type":"ReadAction","target":["https:\/\/evolutinteriordesign.com\/ca\/blog\/"]}]},{"@type":"BreadcrumbList","@id":"https:\/\/evolutinteriordesign.com\/ca\/blog\/#breadcrumb","itemListElement":[{"@type":"ListItem","position":1,"name":"Portada","item":"https:\/\/evolutinteriordesign.com\/ca\/"},{"@type":"ListItem","position":2,"name":"Blog"}]},{"@type":"WebSite","@id":"http:\/\/evolutinteriordesign.com\/#website","url":"http:\/\/evolutinteriordesign.com\/","name":"Evolut Interior Design","description":"","publisher":{"@id":"http:\/\/evolutinteriordesign.com\/#organization"},"potentialAction":[{"@type":"SearchAction","target":{"@type":"EntryPoint","urlTemplate":"http:\/\/evolutinteriordesign.com\/?s={search_term_string}"},"query-input":{"@type":"PropertyValueSpecification","valueRequired":true,"valueName":"search_term_string"}}],"inLanguage":"ca"},{"@type":"Organization","@id":"http:\/\/evolutinteriordesign.com\/#organization","name":"Evolut Interior Design","url":"http:\/\/evolutinteriordesign.com\/","logo":{"@type":"ImageObject","inLanguage":"ca","@id":"http:\/\/evolutinteriordesign.com\/#\/schema\/logo\/image\/","url":"http:\/\/evolutinteriordesign.com\/wp-content\/uploads\/2024\/08\/logo-evolut-blanco.svg","contentUrl":"http:\/\/evolutinteriordesign.com\/wp-content\/uploads\/2024\/08\/logo-evolut-blanco.svg","width":"1024","height":"1024","caption":"Evolut Interior Design"},"image":{"@id":"http:\/\/evolutinteriordesign.com\/#\/schema\/logo\/image\/"}}]}},"_links":{"self":[{"href":"https:\/\/evolutinteriordesign.com\/ca\/wp-json\/wp\/v2\/pages\/870","targetHints":{"allow":["GET"]}}],"collection":[{"href":"https:\/\/evolutinteriordesign.com\/ca\/wp-json\/wp\/v2\/pages"}],"about":[{"href":"https:\/\/evolutinteriordesign.com\/ca\/wp-json\/wp\/v2\/types\/page"}],"author":[{"embeddable":true,"href":"https:\/\/evolutinteriordesign.com\/ca\/wp-json\/wp\/v2\/users\/1"}],"replies":[{"embeddable":true,"href":"https:\/\/evolutinteriordesign.com\/ca\/wp-json\/wp\/v2\/comments?post=870"}],"version-history":[{"count":6,"href":"https:\/\/evolutinteriordesign.com\/ca\/wp-json\/wp\/v2\/pages\/870\/revisions"}],"predecessor-version":[{"id":971,"href":"https:\/\/evolutinteriordesign.com\/ca\/wp-json\/wp\/v2\/pages\/870\/revisions\/971"}],"wp:attachment":[{"href":"https:\/\/evolutinteriordesign.com\/ca\/wp-json\/wp\/v2\/media?parent=870"}],"curies":[{"name":"wp","href":"https:\/\/api.w.org\/{rel}","templated":true}]}}