{"id":873,"date":"2024-08-02T17:02:51","date_gmt":"2024-08-02T15:02:51","guid":{"rendered":"https:\/\/evolutinteriordesign.com\/contacte\/"},"modified":"2024-10-14T12:15:05","modified_gmt":"2024-10-14T10:15:05","slug":"contacte","status":"publish","type":"page","link":"https:\/\/evolutinteriordesign.com\/ca\/contacte\/","title":{"rendered":"Contacte"},"content":{"rendered":"<p>[et_pb_section fb_built=&#8221;1&#8243; custom_padding_last_edited=&#8221;on|phone&#8221; module_class=&#8221;empresa-header&#8221; _builder_version=&#8221;4.27.0&#8243; _module_preset=&#8221;default&#8221; background_image=&#8221;https:\/\/evolutinteriordesign.com\/wp-content\/uploads\/2024\/08\/header-contacto-evolut.webp&#8221; background_size=&#8221;initial&#8221; custom_margin=&#8221;||||false|false&#8221; custom_padding=&#8221;15em||8em||false|false&#8221; custom_padding_tablet=&#8221;10em||7em||false|false&#8221; custom_padding_phone=&#8221;||5em||false|false&#8221; locked=&#8221;off&#8221; global_colors_info=&#8221;{}&#8221;][et_pb_row _builder_version=&#8221;4.27.0&#8243; _module_preset=&#8221;default&#8221; width=&#8221;90%&#8221; global_colors_info=&#8221;{}&#8221;][et_pb_column type=&#8221;4_4&#8243; _builder_version=&#8221;4.27.0&#8243; _module_preset=&#8221;default&#8221; global_colors_info=&#8221;{}&#8221;][et_pb_text _builder_version=&#8221;4.27.0&#8243; _module_preset=&#8221;default&#8221; header_2_font=&#8221;||||||||&#8221; header_2_text_align=&#8221;left&#8221; header_2_text_color=&#8221;#FFFFFF&#8221; header_2_font_size=&#8221;45px&#8221; header_2_line_height=&#8221;1.2em&#8221; header_3_font=&#8221;Antonio|||on|||||&#8221; header_3_text_align=&#8221;left&#8221; header_3_text_color=&#8221;gcid-primary-color&#8221; header_3_font_size=&#8221;25px&#8221; header_3_letter_spacing=&#8221;2px&#8221; custom_margin=&#8221;0px||0px||false|false&#8221; custom_padding=&#8221;0px||0px||false|false&#8221; header_3_text_align_tablet=&#8221;center&#8221; header_3_text_align_phone=&#8221;center&#8221; header_3_text_align_last_edited=&#8221;on|tablet&#8221; locked=&#8221;off&#8221; global_colors_info=&#8221;{%22gcid-primary-color%22:%91%22header_3_text_color%22,%22header_2_text_color%22,%22header_3_text_color%22%93}&#8221;]<\/p>\n<h3>Contacte<\/h3>\n<p>[\/et_pb_text][et_pb_text _builder_version=&#8221;4.27.0&#8243; _module_preset=&#8221;default&#8221; header_font=&#8221;&#8211;et_global_heading_font||||||||&#8221; header_text_align=&#8221;left&#8221; header_text_color=&#8221;#FFFFFF&#8221; header_font_size=&#8221;70px&#8221; header_2_font=&#8221;||||||||&#8221; header_2_text_align=&#8221;left&#8221; header_2_text_color=&#8221;#FFFFFF&#8221; header_2_font_size=&#8221;45px&#8221; header_2_line_height=&#8221;1.2em&#8221; header_3_font=&#8221;Antonio|||on|||||&#8221; header_3_text_align=&#8221;left&#8221; header_3_text_color=&#8221;gcid-primary-color&#8221; header_3_font_size=&#8221;25px&#8221; header_3_letter_spacing=&#8221;2px&#8221; custom_margin=&#8221;1em||1em||false|false&#8221; custom_padding=&#8221;0px||0px||false|false&#8221; header_text_align_tablet=&#8221;center&#8221; header_text_align_phone=&#8221;center&#8221; header_text_align_last_edited=&#8221;on|desktop&#8221; header_font_size_tablet=&#8221;50px&#8221; header_font_size_phone=&#8221;40px&#8221; header_font_size_last_edited=&#8221;on|desktop&#8221; header_2_text_align_tablet=&#8221;center&#8221; header_2_text_align_phone=&#8221;center&#8221; header_2_text_align_last_edited=&#8221;on|tablet&#8221; header_2_font_size_tablet=&#8221;40px&#8221; header_2_font_size_phone=&#8221;35px&#8221; header_2_font_size_last_edited=&#8221;on|phone&#8221; text_orientation_tablet=&#8221;center&#8221; text_orientation_phone=&#8221;center&#8221; text_orientation_last_edited=&#8221;on|tablet&#8221; locked=&#8221;off&#8221; global_colors_info=&#8221;{%22gcid-primary-color%22:%91%22header_3_text_color%22%93}&#8221;]<\/p>\n<h1>Qu\u00e8 necessites?<\/h1>\n<p>[\/et_pb_text][\/et_pb_column][\/et_pb_row][\/et_pb_section][et_pb_section fb_built=&#8221;1&#8243; _builder_version=&#8221;4.27.0&#8243; _module_preset=&#8221;default&#8221; background_color=&#8221;gcid-027915c6-e56f-45dd-8ba1-9d43493aaed2&#8243; global_colors_info=&#8221;{%22gcid-027915c6-e56f-45dd-8ba1-9d43493aaed2%22:%91%22background_color%22%93}&#8221;][et_pb_row column_structure=&#8221;3_5,2_5&#8243; _builder_version=&#8221;4.27.0&#8243; _module_preset=&#8221;default&#8221; width=&#8221;90%&#8221; global_module=&#8221;378&#8243; saved_tabs=&#8221;all&#8221; global_colors_info=&#8221;{}&#8221;][et_pb_column type=&#8221;3_5&#8243; _builder_version=&#8221;4.27.0&#8243; _module_preset=&#8221;default&#8221; global_colors_info=&#8221;{}&#8221;][et_pb_image src=&#8221;https:\/\/evolutinteriordesign.com\/wp-content\/uploads\/2024\/08\/iconos-barcelona.svg&#8221; alt=&#8221;icones-barcelona&#8221; title_text=&#8221;icones-barcelona&#8221; _builder_version=&#8221;4.27.0&#8243; _module_preset=&#8221;default&#8221; width=&#8221;30%&#8221; width_tablet=&#8221;50%&#8221; width_phone=&#8221;70%&#8221; width_last_edited=&#8221;on|tablet&#8221; custom_margin=&#8221;||2em||false|false&#8221; custom_padding=&#8221;||0px||false|false&#8221; module_alignment_tablet=&#8221;center&#8221; module_alignment_phone=&#8221;&#8221; module_alignment_last_edited=&#8221;on|tablet&#8221; global_colors_info=&#8221;{}&#8221;][\/et_pb_image][et_pb_text _builder_version=&#8221;4.27.0&#8243; _module_preset=&#8221;default&#8221; header_3_font=&#8221;Antonio|300||on|||||&#8221; header_3_text_align=&#8221;left&#8221; header_3_text_color=&#8221;gcid-primary-color&#8221; header_3_font_size=&#8221;25px&#8221; custom_margin=&#8221;||1em||false|false&#8221; header_3_text_align_tablet=&#8221;center&#8221; header_3_text_align_phone=&#8221;&#8221; header_3_text_align_last_edited=&#8221;on|tablet&#8221; locked=&#8221;off&#8221; global_colors_info=&#8221;{%22gcid-primary-color%22:%91%22header_3_text_color%22%93}&#8221;]<\/p>\n<h3>Evolut Interior Design<\/h3>\n<p>[\/et_pb_text][et_pb_text _builder_version=&#8221;4.27.0&#8243; _module_preset=&#8221;default&#8221; header_2_font=&#8221;&#8211;et_global_heading_font||||||||&#8221; header_2_text_align=&#8221;left&#8221; header_2_text_color=&#8221;#FFFFFF&#8221; header_2_font_size=&#8221;45px&#8221; header_3_font=&#8221;Antonio|300||on|||||&#8221; header_3_text_align=&#8221;center&#8221; header_3_text_color=&#8221;gcid-primary-color&#8221; header_3_font_size=&#8221;25px&#8221; custom_margin=&#8221;||1.5em||false|false&#8221; custom_padding=&#8221;||0px||false|false&#8221; header_2_text_align_tablet=&#8221;center&#8221; header_2_text_align_phone=&#8221;center&#8221; header_2_text_align_last_edited=&#8221;on|tablet&#8221; header_2_font_size_tablet=&#8221;40px&#8221; header_2_font_size_phone=&#8221;35px&#8221; header_2_font_size_last_edited=&#8221;on|phone&#8221; locked=&#8221;off&#8221; global_colors_info=&#8221;{%22gcid-primary-color%22:%91%22header_3_text_color%22%93}&#8221;]<\/p>\n<h2>Experts en reformes amb acabats de primera<\/h2>\n<p>[\/et_pb_text][et_pb_text _builder_version=&#8221;4.27.0&#8243; _module_preset=&#8221;default&#8221; text_text_color=&#8221;#FFFFFF&#8221; custom_margin=&#8221;||||false|false&#8221; custom_padding=&#8221;||||false|false&#8221; text_orientation_tablet=&#8221;center&#8221; text_orientation_phone=&#8221;&#8221; text_orientation_last_edited=&#8221;on|tablet&#8221; global_colors_info=&#8221;{}&#8221;]<\/p>\n<p>EVOLUT \u00e9s l\u00edder en reformes, destacant pels acabats de primera qualitat. Amb un equip d&#8217;experts molt capacitats, ofereixen solucions innovadores i personalitzades per satisfer les necessitats de cada client. El seu comprom\u00eds amb l&#8217;excel\u00b7l\u00e8ncia es reflecteix a cada projecte, garantint resultats excel\u00b7lents i duradors.  <\/p>\n<p>[\/et_pb_text][et_pb_code _builder_version=&#8221;4.27.2&#8243; _module_preset=&#8221;default&#8221; custom_css_main_element=&#8221;width:fit-content;&#8221; custom_css_free_form=&#8221;selector .texto{||  color:white !important;||  text-transform:uppercase;||  font-size:20px;||  margin-bottom:0.4em;||  font-weight:400;||  font-family: &#8216;Antonio&#8217;, Helvetica, Arial, Lucida, sans-serif;||}||selector i{||  font-size:30px;||  color:white;||  border:1px solid white;||  border-radius:30px;||  padding:0.5em;||  margin-right:0.5em;||  width:fit-content;||}||selector a{||  opacity:0.7;||  font-size:30px;||  font-family: &#8216;Antonio&#8217;, Helvetica, Arial, Lucida, sans-serif;||}||selector div{||  display:flex;||  flex-flow:row !important;||}||selector span{||  display:flex;||  flex-flow:column !important;||}&#8221; global_colors_info=&#8221;{}&#8221;]<\/p>\n<div><!-- [et_pb_line_break_holder] -->  <span><i class=\"fa-solid fa-phone\"><\/i><\/span><!-- [et_pb_line_break_holder] -->  <span><b class=\"texto\">Contacta ara<\/b> <a href=\"tel:+34635511051\">635 511 051<\/a><\/span><!-- [et_pb_line_break_holder] --><\/div>\n<p>[\/et_pb_code][\/et_pb_column][et_pb_column type=&#8221;2_5&#8243; module_class=&#8221;contact-form-column&#8221; _builder_version=&#8221;4.27.0&#8243; _module_preset=&#8221;default&#8221; background_color=&#8221;gcid-1b9fb3c5-f604-4ad4-a9aa-9b4a6622d36d&#8221; custom_padding=&#8221;2em|2em|0em|2em|false|true&#8221; global_colors_info=&#8221;{%22gcid-1b9fb3c5-f604-4ad4-a9aa-9b4a6622d36d%22:%91%22background_color%22%93}&#8221;][et_pb_text _builder_version=&#8221;4.27.0&#8243; _module_preset=&#8221;default&#8221; text_text_color=&#8221;#FFFFFF&#8221; header_4_text_align=&#8221;center&#8221; header_4_text_color=&#8221;#FFFFFF&#8221; header_4_font_size=&#8221;25px&#8221; border_width_bottom=&#8221;1px&#8221; border_color_bottom=&#8221;gcid-primary-color&#8221; global_colors_info=&#8221;{%22gcid-primary-color%22:%91%22border_color_bottom%22%93}&#8221;]<\/p>\n<h4>Formulari de contacte<\/h4>\n<p>[\/et_pb_text][et_pb_code _builder_version=&#8221;4.27.2&#8243; _module_preset=&#8221;default&#8221; global_colors_info=&#8221;{}&#8221;]\n<div class=\"wpcf7 no-js\" id=\"wpcf7-f7-o1\" lang=\"es-ES\" dir=\"ltr\">\n<div class=\"screen-reader-response\"><p role=\"status\" aria-live=\"polite\" aria-atomic=\"true\"><\/p> <ul><\/ul><\/div>\n<form action=\"\/ca\/wp-json\/wp\/v2\/pages\/873#wpcf7-f7-o1\" method=\"post\" class=\"wpcf7-form init\" aria-label=\"Formulario de contacto\" novalidate=\"novalidate\" data-status=\"init\">\n<div style=\"display: none;\">\n<input type=\"hidden\" name=\"_wpcf7\" value=\"7\" \/>\n<input type=\"hidden\" name=\"_wpcf7_version\" value=\"5.9.8\" \/>\n<input type=\"hidden\" name=\"_wpcf7_locale\" value=\"es_ES\" \/>\n<input type=\"hidden\" name=\"_wpcf7_unit_tag\" value=\"wpcf7-f7-o1\" \/>\n<input type=\"hidden\" name=\"_wpcf7_container_post\" value=\"0\" \/>\n<input type=\"hidden\" name=\"_wpcf7_posted_data_hash\" value=\"\" \/>\n<\/div>\n<p><label><span class=\"wpcf7-form-control-wrap\" data-name=\"your-name\"><input size=\"40\" maxlength=\"400\" class=\"wpcf7-form-control wpcf7-text wpcf7-validates-as-required\" autocomplete=\"name\" aria-required=\"true\" aria-invalid=\"false\" placeholder=\"Nombre*\" value=\"\" type=\"text\" name=\"your-name\" \/><\/span> <\/label>\n<\/p>\n<p><label><span class=\"wpcf7-form-control-wrap\" data-name=\"your-name\"><input size=\"40\" maxlength=\"400\" class=\"wpcf7-form-control wpcf7-text wpcf7-validates-as-required\" autocomplete=\"name\" aria-required=\"true\" aria-invalid=\"false\" placeholder=\"Tel\u00e9fono*\" value=\"\" type=\"text\" name=\"your-name\" \/><\/span> <\/label>\n<\/p>\n<p><label><span class=\"wpcf7-form-control-wrap\" data-name=\"your-email\"><input size=\"40\" maxlength=\"400\" class=\"wpcf7-form-control wpcf7-email wpcf7-validates-as-required wpcf7-text wpcf7-validates-as-email\" autocomplete=\"email\" aria-required=\"true\" aria-invalid=\"false\" placeholder=\"Email*\" value=\"\" type=\"email\" name=\"your-email\" \/><\/span> <\/label>\n<\/p>\n<div class=\"contact-form-textarea\">\n\t<p><label><span class=\"wpcf7-form-control-wrap\" data-name=\"your-message\"><textarea cols=\"40\" rows=\"10\" maxlength=\"2000\" class=\"wpcf7-form-control wpcf7-textarea wpcf7-validates-as-required\" autocomplete=\"message\" aria-required=\"true\" aria-invalid=\"false\" placeholder=\"Escribe aqu\u00ed tu consulta...*\" name=\"your-message\"><\/textarea><\/span> <\/label><br \/>\n<span>*Los campos marcados con un asterisco son obligatorios<\/span>\n\t<\/p>\n<\/div>\n<div class=\"privacidad\">\n\t<p><label><span class=\"wpcf7-form-control-wrap\" data-name=\"privacidad\"><span class=\"wpcf7-form-control wpcf7-acceptance\"><span class=\"wpcf7-list-item\"><input type=\"checkbox\" name=\"privacidad\" value=\"1\" aria-invalid=\"false\" \/><\/span><\/span><\/span> He le\u00eddo y acepto la&#160<a href=\"\/politica-de-privacitat\/\" target=\"_blank\" rel=\"noopener\">Pol\u00edtica de privacidad<\/a>.<\/label>\n\t<\/p>\n<\/div>\n<p><span id=\"wpcf7-69ef4640eae7d-wrapper\" class=\"wpcf7-form-control-wrap email-wrap\" style=\"display:none !important; visibility:hidden !important;\"><label for=\"wpcf7-69ef4640eae7d-field\" class=\"hp-message\">Por favor, deja este campo vac\u00edo.<\/label><input id=\"wpcf7-69ef4640eae7d-field\"  class=\"wpcf7-form-control wpcf7-text\" type=\"text\" name=\"email\" value=\"\" size=\"40\" tabindex=\"-1\" autocomplete=\"new-password\" \/><\/span>\n<\/p>\n<p><input class=\"wpcf7-form-control wpcf7-submit has-spinner\" type=\"submit\" value=\"Enviar\" \/>\n<\/p><div class=\"wpcf7-response-output\" aria-hidden=\"true\"><\/div>\n<\/form>\n<\/div>\n[\/et_pb_code][\/et_pb_column][\/et_pb_row][\/et_pb_section][et_pb_section fb_built=&#8221;1&#8243; fullwidth=&#8221;on&#8221; _builder_version=&#8221;4.27.0&#8243; _module_preset=&#8221;default&#8221; global_colors_info=&#8221;{}&#8221;][et_pb_fullwidth_code _builder_version=&#8221;4.27.0&#8243; _module_preset=&#8221;default&#8221; global_colors_info=&#8221;{}&#8221;]<iframe src=\"https:\/\/www.google.com\/maps\/embed?pb=!1m18!1m12!1m3!1d2993.2810014171123!2d2.1732700752191105!3d41.38970349585282!2m3!1f0!2f0!3f0!3m2!1i1024!2i768!4f13.1!3m3!1m2!1s0x12a4a2fac0c2647f%3A0x2eaa9c75a13ae8c4!2sC.%20del%20Bruc%2C%208%2C%20Eixample%2C%2008010%20Barcelona!5e0!3m2!1ses!2ses!4v1723281195646!5m2!1ses!2ses\" width=\"100%\" height=\"350\" style=\"border:0;\" allowfullscreen=\"\" loading=\"lazy\" referrerpolicy=\"no-referrer-when-downgrade\"><\/iframe>[\/et_pb_fullwidth_code][\/et_pb_section]<\/p>\n","protected":false},"excerpt":{"rendered":"<p>ContacteQu\u00e8 necessites?Evolut Interior DesignExperts en reformes amb acabats de primeraEVOLUT \u00e9s l\u00edder en reformes, destacant pels acabats de primera qualitat. Amb un equip d&#8217;experts molt capacitats, ofereixen solucions innovadores i personalitzades per satisfer les necessitats de cada client. El seu comprom\u00eds amb l&#8217;excel\u00b7l\u00e8ncia es reflecteix a cada projecte, garantint resultats excel\u00b7lents i duradors. Formulari de [&hellip;]<\/p>\n","protected":false},"author":1,"featured_media":0,"parent":0,"menu_order":0,"comment_status":"closed","ping_status":"closed","template":"","meta":{"_acf_changed":false,"_et_pb_use_builder":"on","_et_pb_old_content":"","_et_gb_content_width":"","inline_featured_image":false,"footnotes":""},"class_list":["post-873","page","type-page","status-publish","hentry"],"acf":[],"yoast_head":"<!-- This site is optimized with the Yoast SEO plugin v23.9 - https:\/\/yoast.com\/wordpress\/plugins\/seo\/ -->\n<title>Evolut Interior Design | Explica&#039;ns que necessites i t&#039;ajudem<\/title>\n<meta name=\"description\" content=\"Envia&#039;ns les teves consultes, o demana&#039;ns informaci\u00f3 sobre els nostres serveis de construcci\u00f3 i reformes. Som aqu\u00ed per ajudar-te!\" \/>\n<meta name=\"robots\" content=\"index, follow, max-snippet:-1, max-image-preview:large, max-video-preview:-1\" \/>\n<link rel=\"canonical\" href=\"https:\/\/evolutinteriordesign.com\/ca\/contacte\/\" \/>\n<meta property=\"og:locale\" content=\"ca_ES\" \/>\n<meta property=\"og:type\" content=\"article\" \/>\n<meta property=\"og:title\" content=\"Evolut Interior Design | Explica&#039;ns que necessites i t&#039;ajudem\" \/>\n<meta property=\"og:description\" content=\"Envia&#039;ns les teves consultes, o demana&#039;ns informaci\u00f3 sobre els nostres serveis de construcci\u00f3 i reformes. Som aqu\u00ed per ajudar-te!\" \/>\n<meta property=\"og:url\" content=\"https:\/\/evolutinteriordesign.com\/ca\/contacte\/\" \/>\n<meta property=\"og:site_name\" content=\"Evolut Interior Design\" \/>\n<meta property=\"article:modified_time\" content=\"2024-10-14T10:15:05+00:00\" \/>\n<meta name=\"twitter:card\" content=\"summary_large_image\" \/>\n<meta name=\"twitter:label1\" content=\"Temps estimat de lectura\" \/>\n\t<meta name=\"twitter:data1\" content=\"5 minuts\" \/>\n<script type=\"application\/ld+json\" class=\"yoast-schema-graph\">{\"@context\":\"https:\/\/schema.org\",\"@graph\":[{\"@type\":\"WebPage\",\"@id\":\"https:\/\/evolutinteriordesign.com\/ca\/contacte\/\",\"url\":\"https:\/\/evolutinteriordesign.com\/ca\/contacte\/\",\"name\":\"Evolut Interior Design | Explica'ns que necessites i t'ajudem\",\"isPartOf\":{\"@id\":\"http:\/\/evolutinteriordesign.com\/#website\"},\"datePublished\":\"2024-08-02T15:02:51+00:00\",\"dateModified\":\"2024-10-14T10:15:05+00:00\",\"description\":\"Envia'ns les teves consultes, o demana'ns informaci\u00f3 sobre els nostres serveis de construcci\u00f3 i reformes. Som aqu\u00ed per ajudar-te!\",\"breadcrumb\":{\"@id\":\"https:\/\/evolutinteriordesign.com\/ca\/contacte\/#breadcrumb\"},\"inLanguage\":\"ca\",\"potentialAction\":[{\"@type\":\"ReadAction\",\"target\":[\"https:\/\/evolutinteriordesign.com\/ca\/contacte\/\"]}]},{\"@type\":\"BreadcrumbList\",\"@id\":\"https:\/\/evolutinteriordesign.com\/ca\/contacte\/#breadcrumb\",\"itemListElement\":[{\"@type\":\"ListItem\",\"position\":1,\"name\":\"Portada\",\"item\":\"https:\/\/evolutinteriordesign.com\/ca\/\"},{\"@type\":\"ListItem\",\"position\":2,\"name\":\"Contacte\"}]},{\"@type\":\"WebSite\",\"@id\":\"http:\/\/evolutinteriordesign.com\/#website\",\"url\":\"http:\/\/evolutinteriordesign.com\/\",\"name\":\"Evolut Interior Design\",\"description\":\"\",\"publisher\":{\"@id\":\"http:\/\/evolutinteriordesign.com\/#organization\"},\"potentialAction\":[{\"@type\":\"SearchAction\",\"target\":{\"@type\":\"EntryPoint\",\"urlTemplate\":\"http:\/\/evolutinteriordesign.com\/?s={search_term_string}\"},\"query-input\":{\"@type\":\"PropertyValueSpecification\",\"valueRequired\":true,\"valueName\":\"search_term_string\"}}],\"inLanguage\":\"ca\"},{\"@type\":\"Organization\",\"@id\":\"http:\/\/evolutinteriordesign.com\/#organization\",\"name\":\"Evolut Interior Design\",\"url\":\"http:\/\/evolutinteriordesign.com\/\",\"logo\":{\"@type\":\"ImageObject\",\"inLanguage\":\"ca\",\"@id\":\"http:\/\/evolutinteriordesign.com\/#\/schema\/logo\/image\/\",\"url\":\"http:\/\/evolutinteriordesign.com\/wp-content\/uploads\/2024\/08\/logo-evolut-blanco.svg\",\"contentUrl\":\"http:\/\/evolutinteriordesign.com\/wp-content\/uploads\/2024\/08\/logo-evolut-blanco.svg\",\"width\":\"1024\",\"height\":\"1024\",\"caption\":\"Evolut Interior Design\"},\"image\":{\"@id\":\"http:\/\/evolutinteriordesign.com\/#\/schema\/logo\/image\/\"}}]}<\/script>\n<!-- \/ Yoast SEO plugin. -->","yoast_head_json":{"title":"Evolut Interior Design | Explica'ns que necessites i t'ajudem","description":"Envia'ns les teves consultes, o demana'ns informaci\u00f3 sobre els nostres serveis de construcci\u00f3 i reformes. Som aqu\u00ed per ajudar-te!","robots":{"index":"index","follow":"follow","max-snippet":"max-snippet:-1","max-image-preview":"max-image-preview:large","max-video-preview":"max-video-preview:-1"},"canonical":"https:\/\/evolutinteriordesign.com\/ca\/contacte\/","og_locale":"ca_ES","og_type":"article","og_title":"Evolut Interior Design | Explica'ns que necessites i t'ajudem","og_description":"Envia'ns les teves consultes, o demana'ns informaci\u00f3 sobre els nostres serveis de construcci\u00f3 i reformes. Som aqu\u00ed per ajudar-te!","og_url":"https:\/\/evolutinteriordesign.com\/ca\/contacte\/","og_site_name":"Evolut Interior Design","article_modified_time":"2024-10-14T10:15:05+00:00","twitter_card":"summary_large_image","twitter_misc":{"Temps estimat de lectura":"5 minuts"},"schema":{"@context":"https:\/\/schema.org","@graph":[{"@type":"WebPage","@id":"https:\/\/evolutinteriordesign.com\/ca\/contacte\/","url":"https:\/\/evolutinteriordesign.com\/ca\/contacte\/","name":"Evolut Interior Design | Explica'ns que necessites i t'ajudem","isPartOf":{"@id":"http:\/\/evolutinteriordesign.com\/#website"},"datePublished":"2024-08-02T15:02:51+00:00","dateModified":"2024-10-14T10:15:05+00:00","description":"Envia'ns les teves consultes, o demana'ns informaci\u00f3 sobre els nostres serveis de construcci\u00f3 i reformes. Som aqu\u00ed per ajudar-te!","breadcrumb":{"@id":"https:\/\/evolutinteriordesign.com\/ca\/contacte\/#breadcrumb"},"inLanguage":"ca","potentialAction":[{"@type":"ReadAction","target":["https:\/\/evolutinteriordesign.com\/ca\/contacte\/"]}]},{"@type":"BreadcrumbList","@id":"https:\/\/evolutinteriordesign.com\/ca\/contacte\/#breadcrumb","itemListElement":[{"@type":"ListItem","position":1,"name":"Portada","item":"https:\/\/evolutinteriordesign.com\/ca\/"},{"@type":"ListItem","position":2,"name":"Contacte"}]},{"@type":"WebSite","@id":"http:\/\/evolutinteriordesign.com\/#website","url":"http:\/\/evolutinteriordesign.com\/","name":"Evolut Interior Design","description":"","publisher":{"@id":"http:\/\/evolutinteriordesign.com\/#organization"},"potentialAction":[{"@type":"SearchAction","target":{"@type":"EntryPoint","urlTemplate":"http:\/\/evolutinteriordesign.com\/?s={search_term_string}"},"query-input":{"@type":"PropertyValueSpecification","valueRequired":true,"valueName":"search_term_string"}}],"inLanguage":"ca"},{"@type":"Organization","@id":"http:\/\/evolutinteriordesign.com\/#organization","name":"Evolut Interior Design","url":"http:\/\/evolutinteriordesign.com\/","logo":{"@type":"ImageObject","inLanguage":"ca","@id":"http:\/\/evolutinteriordesign.com\/#\/schema\/logo\/image\/","url":"http:\/\/evolutinteriordesign.com\/wp-content\/uploads\/2024\/08\/logo-evolut-blanco.svg","contentUrl":"http:\/\/evolutinteriordesign.com\/wp-content\/uploads\/2024\/08\/logo-evolut-blanco.svg","width":"1024","height":"1024","caption":"Evolut Interior Design"},"image":{"@id":"http:\/\/evolutinteriordesign.com\/#\/schema\/logo\/image\/"}}]}},"_links":{"self":[{"href":"https:\/\/evolutinteriordesign.com\/ca\/wp-json\/wp\/v2\/pages\/873","targetHints":{"allow":["GET"]}}],"collection":[{"href":"https:\/\/evolutinteriordesign.com\/ca\/wp-json\/wp\/v2\/pages"}],"about":[{"href":"https:\/\/evolutinteriordesign.com\/ca\/wp-json\/wp\/v2\/types\/page"}],"author":[{"embeddable":true,"href":"https:\/\/evolutinteriordesign.com\/ca\/wp-json\/wp\/v2\/users\/1"}],"replies":[{"embeddable":true,"href":"https:\/\/evolutinteriordesign.com\/ca\/wp-json\/wp\/v2\/comments?post=873"}],"version-history":[{"count":6,"href":"https:\/\/evolutinteriordesign.com\/ca\/wp-json\/wp\/v2\/pages\/873\/revisions"}],"predecessor-version":[{"id":973,"href":"https:\/\/evolutinteriordesign.com\/ca\/wp-json\/wp\/v2\/pages\/873\/revisions\/973"}],"wp:attachment":[{"href":"https:\/\/evolutinteriordesign.com\/ca\/wp-json\/wp\/v2\/media?parent=873"}],"curies":[{"name":"wp","href":"https:\/\/api.w.org\/{rel}","templated":true}]}}